{"id":956,"date":"2018-03-04T15:31:38","date_gmt":"2018-03-04T13:31:38","guid":{"rendered":"http:\/\/www.struzz.com\/?page_id=956"},"modified":"2022-11-17T17:02:41","modified_gmt":"2022-11-17T15:02:41","slug":"published","status":"publish","type":"page","link":"https:\/\/www.struzz.com\/?page_id=956","title":{"rendered":"\u00c9coute"},"content":{"rendered":"\t\t<div data-elementor-type=\"wp-post\" data-elementor-id=\"956\" class=\"elementor elementor-956\" data-elementor-post-type=\"page\">\n\t\t\t\t\t\t<section class=\"elementor-section elementor-top-section elementor-element elementor-element-70bfbc3b elementor-section-full_width elementor-section-height-default elementor-section-height-default jltma-glass-effect-no\" data-id=\"70bfbc3b\" data-element_type=\"section\" data-e-type=\"section\">\n\t\t\t\t\t\t<div class=\"elementor-container elementor-column-gap-wide\">\n\t\t\t\t\t<div class=\"elementor-column elementor-col-50 elementor-top-column elementor-element elementor-element-7c76108 jltma-glass-effect-no\" data-id=\"7c76108\" data-element_type=\"column\" data-e-type=\"column\">\n\t\t\t<div class=\"elementor-widget-wrap elementor-element-populated\">\n\t\t\t\t\t\t<div class=\"elementor-element elementor-element-d5b941f jltma-glass-effect-no elementor-widget elementor-widget-text-editor\" data-id=\"d5b941f\" data-element_type=\"widget\" data-e-type=\"widget\" data-widget_type=\"text-editor.default\">\n\t\t\t\t<div class=\"elementor-widget-container\">\n\t\t\t\t\t\t\t\t\t<iframe style=\"border: 0; width: 350px; height: 350px;\" src=\"https:\/\/bandcamp.com\/EmbeddedPlayer\/album=867732840\/size=large\/bgcol=333333\/linkcol=0f91ff\/minimal=true\/transparent=true\/\" seamless><a href=\"http:\/\/francoisdonato.bandcamp.com\/album\/amman-calling\">Amman Calling by Fran\u00e7ois Donato<\/a><\/iframe>\t\t\t\t\t\t\t\t<\/div>\n\t\t\t\t<\/div>\n\t\t\t\t<div class=\"elementor-element elementor-element-174d77f jltma-glass-effect-no elementor-widget elementor-widget-text-editor\" data-id=\"174d77f\" data-element_type=\"widget\" data-e-type=\"widget\" data-widget_type=\"text-editor.default\">\n\t\t\t\t<div class=\"elementor-widget-container\">\n\t\t\t\t\t\t\t\t\t<iframe style=\"border: 0; width: 350px; height: 350px;\" src=\"https:\/\/bandcamp.com\/EmbeddedPlayer\/track=1405229878\/size=large\/bgcol=333333\/linkcol=0f91ff\/minimal=true\/transparent=true\/\" seamless><a href=\"http:\/\/francoisdonato.bandcamp.com\/track\/annam\">Annam by Fran\u00e7ois Donato<\/a><\/iframe>\t\t\t\t\t\t\t\t<\/div>\n\t\t\t\t<\/div>\n\t\t\t\t\t<\/div>\n\t\t<\/div>\n\t\t\t\t<div class=\"elementor-column elementor-col-50 elementor-top-column elementor-element elementor-element-8239be9 jltma-glass-effect-no\" data-id=\"8239be9\" data-element_type=\"column\" data-e-type=\"column\" data-settings=\"{&quot;background_background&quot;:&quot;classic&quot;}\">\n\t\t\t<div class=\"elementor-widget-wrap elementor-element-populated\">\n\t\t\t\t\t\t<div class=\"elementor-element elementor-element-4cdad2d jltma-glass-effect-no elementor-widget elementor-widget-text-editor\" data-id=\"4cdad2d\" data-element_type=\"widget\" data-e-type=\"widget\" data-widget_type=\"text-editor.default\">\n\t\t\t\t<div class=\"elementor-widget-container\">\n\t\t\t\t\t\t\t\t\t<iframe style=\"border: 0; width: 350px; height: 350px;\" src=\"https:\/\/bandcamp.com\/EmbeddedPlayer\/album=4187935751\/size=large\/bgcol=333333\/linkcol=0f91ff\/minimal=true\/transparent=true\/\" seamless><a href=\"http:\/\/francoisdonato.bandcamp.com\/album\/chroniques-de-leffacement-ordinaire\">Chroniques de l&#39;effacement ordinaire by Fran\u00e7ois Donato<\/a><\/iframe>\t\t\t\t\t\t\t\t<\/div>\n\t\t\t\t<\/div>\n\t\t\t\t<div class=\"elementor-element elementor-element-7c63ec92 elementor-drop-cap-yes elementor-drop-cap-view-framed animated-slow jltma-glass-effect-no elementor-invisible elementor-widget elementor-widget-text-editor\" data-id=\"7c63ec92\" data-element_type=\"widget\" data-e-type=\"widget\" data-settings=\"{&quot;drop_cap&quot;:&quot;yes&quot;,&quot;_animation&quot;:&quot;fadeIn&quot;}\" data-widget_type=\"text-editor.default\">\n\t\t\t\t<div class=\"elementor-widget-container\">\n\t\t\t\t\t\t\t\t\t<iframe style=\"border: 0; width: 350px; height: 350px;\" src=\"https:\/\/bandcamp.com\/EmbeddedPlayer\/album=3700252162\/size=large\/bgcol=333333\/linkcol=0f91ff\/minimal=true\/transparent=true\/\" seamless><a href=\"http:\/\/francoisdonato.bandcamp.com\/album\/faces-of-strings\">Faces of Strings by Fran\u00e7ois Donato<\/a><\/iframe>\t\t\t\t\t\t\t\t<\/div>\n\t\t\t\t<\/div>\n\t\t\t\t\t<\/div>\n\t\t<\/div>\n\t\t\t\t\t<\/div>\n\t\t<\/section>\n\t\t\t\t<\/div>\n\t\t","protected":false},"excerpt":{"rendered":"<p>Amman Calling by Fran\u00e7ois DonatoAnnam by Fran\u00e7ois DonatoChroniques de l&#39;effacement ordinaire by Fran\u00e7ois DonatoFaces of&hellip;<\/p>\n","protected":false},"author":1,"featured_media":0,"parent":0,"menu_order":0,"comment_status":"closed","ping_status":"closed","template":"","meta":{"saved_in_kubio":false,"footnotes":""},"class_list":["post-956","page","type-page","status-publish","hentry"],"kubio_ai_page_context":{"short_desc":"","purpose":"general"},"_links":{"self":[{"href":"https:\/\/www.struzz.com\/index.php?rest_route=\/wp\/v2\/pages\/956","targetHints":{"allow":["GET"]}}],"collection":[{"href":"https:\/\/www.struzz.com\/index.php?rest_route=\/wp\/v2\/pages"}],"about":[{"href":"https:\/\/www.struzz.com\/index.php?rest_route=\/wp\/v2\/types\/page"}],"author":[{"embeddable":true,"href":"https:\/\/www.struzz.com\/index.php?rest_route=\/wp\/v2\/users\/1"}],"replies":[{"embeddable":true,"href":"https:\/\/www.struzz.com\/index.php?rest_route=%2Fwp%2Fv2%2Fcomments&post=956"}],"version-history":[{"count":21,"href":"https:\/\/www.struzz.com\/index.php?rest_route=\/wp\/v2\/pages\/956\/revisions"}],"predecessor-version":[{"id":2783,"href":"https:\/\/www.struzz.com\/index.php?rest_route=\/wp\/v2\/pages\/956\/revisions\/2783"}],"wp:attachment":[{"href":"https:\/\/www.struzz.com\/index.php?rest_route=%2Fwp%2Fv2%2Fmedia&parent=956"}],"curies":[{"name":"wp","href":"https:\/\/api.w.org\/{rel}","templated":true}]}}